{"id":2,"date":"2026-01-13T15:08:13","date_gmt":"2026-01-13T15:08:13","guid":{"rendered":"https:\/\/fontaneriaibra.rkinformatika.online\/?page_id=2"},"modified":"2026-02-11T12:01:50","modified_gmt":"2026-02-11T12:01:50","slug":"inicio","status":"publish","type":"page","link":"https:\/\/fontaneriaibra.es\/eu\/","title":{"rendered":"Hasiera"},"content":{"rendered":"<div data-elementor-type=\"wp-page\" data-elementor-id=\"2\" class=\"elementor elementor-2\" data-elementor-post-type=\"page\">\n\t\t\t\t<div class=\"elementor-element elementor-element-8467667 e-flex e-con-boxed e-con e-parent\" data-id=\"8467667\" data-element_type=\"container\" data-e-type=\"container\" data-settings=\"{&quot;background_background&quot;:&quot;classic&quot;}\">\n\t\t\t\t\t<div class=\"e-con-inner\">\n\t\t\t\t<div class=\"elementor-element elementor-element-ad9d568 elementor-widget elementor-widget-heading\" data-id=\"ad9d568\" data-element_type=\"widget\" data-e-type=\"widget\" data-widget_type=\"heading.default\">\n\t\t\t\t\t<h2 class=\"elementor-heading-title elementor-size-default\">Iturgintza - Berokuntza -  Gasa IBRA<\/h2>\t\t\t\t<\/div>\n\t\t\t\t<div class=\"elementor-element elementor-element-95dea5c elementor-widget elementor-widget-text-editor\" data-id=\"95dea5c\" data-element_type=\"widget\" data-e-type=\"widget\" data-widget_type=\"text-editor.default\">\n\t\t\t\t\t\t\t\t\t<p>Zerbitzu azkarra, segurua eta zure etxeak edo negozioak behar duen kalitatearekin.<\/p>\t\t\t\t\t\t\t\t<\/div>\n\t\t\t\t\t<\/div>\n\t\t\t\t<\/div>\n\t\t<div class=\"elementor-element elementor-element-26a8428 e-flex e-con-boxed e-con e-parent\" data-id=\"26a8428\" data-element_type=\"container\" data-e-type=\"container\">\n\t\t\t\t\t<div class=\"e-con-inner\">\n\t\t<div class=\"elementor-element elementor-element-ffa0cc6 e-con-full e-flex e-con e-child\" data-id=\"ffa0cc6\" data-element_type=\"container\" data-e-type=\"container\">\n\t\t\t\t<div class=\"elementor-element elementor-element-bac2c83 elementor-widget elementor-widget-image\" data-id=\"bac2c83\" data-element_type=\"widget\" data-e-type=\"widget\" data-widget_type=\"image.default\">\n\t\t\t\t\t\t\t\t\t\t\t\t\t\t\t<img fetchpriority=\"high\" decoding=\"async\" width=\"800\" height=\"532\" src=\"https:\/\/fontaneriaibra.es\/wp-content\/uploads\/2026\/02\/58265-1024x681.jpg\" class=\"attachment-large size-large wp-image-92\" alt=\"\" srcset=\"https:\/\/fontaneriaibra.es\/wp-content\/uploads\/2026\/02\/58265-1024x681.jpg 1024w, https:\/\/fontaneriaibra.es\/wp-content\/uploads\/2026\/02\/58265-300x200.jpg 300w, https:\/\/fontaneriaibra.es\/wp-content\/uploads\/2026\/02\/58265-768x511.jpg 768w, https:\/\/fontaneriaibra.es\/wp-content\/uploads\/2026\/02\/58265-18x12.jpg 18w, https:\/\/fontaneriaibra.es\/wp-content\/uploads\/2026\/02\/58265.jpg 1500w\" sizes=\"(max-width: 800px) 100vw, 800px\" \/>\t\t\t\t\t\t\t\t\t\t\t\t\t\t\t<\/div>\n\t\t\t\t<\/div>\n\t\t<div class=\"elementor-element elementor-element-04d8b88 e-con-full e-flex e-con e-child\" data-id=\"04d8b88\" data-element_type=\"container\" data-e-type=\"container\">\n\t\t\t\t<div class=\"elementor-element elementor-element-ccc44cf elementor-widget elementor-widget-heading\" data-id=\"ccc44cf\" data-element_type=\"widget\" data-e-type=\"widget\" data-widget_type=\"heading.default\">\n\t\t\t\t\t<h2 class=\"elementor-heading-title elementor-size-default\">Guri Buruz<\/h2>\t\t\t\t<\/div>\n\t\t\t\t<div class=\"elementor-element elementor-element-08ec288 elementor-widget elementor-widget-text-editor\" data-id=\"08ec288\" data-element_type=\"widget\" data-e-type=\"widget\" data-widget_type=\"text-editor.default\">\n\t\t\t\t\t\t\t\t\t<p data-start=\"140\" data-end=\"415\">Iturgintzan, berokuntzan eta gasean espezializatutako enpresa bat gara, soluzio osoak, seguruak eta eraginkorrak eskaintzen dituena. Sektorean urteetako esperientzia dugu, bai eta proiektu bakoitzean konpromisoz, seriotasunez eta xehetasunez lan egiten duen talde kualifikatu bat ere.<\/p><p data-start=\"417\" data-end=\"775\">Instalazio, konponketa eta mantentze lanez arduratzen gara, bai etxebizitzetan, bai saltokietan eta industrian, bezero bakoitzaren beharretara egokituta. Gure helburua argia da: zure instalazioen erosotasuna, segurtasuna eta funtzionamendu ona bermatzea, beti tratu hurbila eta konfiantzazko zerbitzu profesionala eskainiz.<\/p>\t\t\t\t\t\t\t\t<\/div>\n\t\t\t\t<\/div>\n\t\t\t\t\t<\/div>\n\t\t\t\t<\/div>\n\t\t<div class=\"elementor-element elementor-element-ddd5eaa e-flex e-con-boxed e-con e-parent\" data-id=\"ddd5eaa\" data-element_type=\"container\" data-e-type=\"container\" data-settings=\"{&quot;background_background&quot;:&quot;classic&quot;}\">\n\t\t\t\t\t<div class=\"e-con-inner\">\n\t\t\t\t<div class=\"elementor-element elementor-element-e9d3029 elementor-widget elementor-widget-heading\" data-id=\"e9d3029\" data-element_type=\"widget\" data-e-type=\"widget\" data-widget_type=\"heading.default\">\n\t\t\t\t\t<h2 class=\"elementor-heading-title elementor-size-default\">Ezagutu gure zerbitzuak:<\/h2>\t\t\t\t<\/div>\n\t\t\t\t<div class=\"elementor-element elementor-element-8b9e7a1 elementor-align-center elementor-widget elementor-widget-button\" data-id=\"8b9e7a1\" data-element_type=\"widget\" data-e-type=\"widget\" data-widget_type=\"button.default\">\n\t\t\t\t\t\t\t\t\t\t<a class=\"elementor-button elementor-button-link elementor-size-sm elementor-animation-grow\" href=\"\/eu\/servicios\/\">\n\t\t\t\t\t\t<span class=\"elementor-button-content-wrapper\">\n\t\t\t\t\t\t<span class=\"elementor-button-icon\">\n\t\t\t\t<svg aria-hidden=\"true\" class=\"e-font-icon-svg e-far-hand-point-right\" viewbox=\"0 0 512 512\" xmlns=\"http:\/\/www.w3.org\/2000\/svg\"><path d=\"M428.8 137.6h-86.177a115.52 115.52 0 0 0 2.176-22.4c0-47.914-35.072-83.2-92-83.2-45.314 0-57.002 48.537-75.707 78.784-7.735 12.413-16.994 23.317-25.851 33.253l-.131.146-.129.148C135.662 161.807 127.764 168 120.8 168h-2.679c-5.747-4.952-13.536-8-22.12-8H32c-17.673 0-32 12.894-32 28.8v230.4C0 435.106 14.327 448 32 448h64c8.584 0 16.373-3.048 22.12-8h2.679c28.688 0 67.137 40 127.2 40h21.299c62.542 0 98.8-38.658 99.94-91.145 12.482-17.813 18.491-40.785 15.985-62.791A93.148 93.148 0 0 0 393.152 304H428.8c45.435 0 83.2-37.584 83.2-83.2 0-45.099-38.101-83.2-83.2-83.2zm0 118.4h-91.026c12.837 14.669 14.415 42.825-4.95 61.05 11.227 19.646 1.687 45.624-12.925 53.625 6.524 39.128-10.076 61.325-50.6 61.325H248c-45.491 0-77.21-35.913-120-39.676V215.571c25.239-2.964 42.966-21.222 59.075-39.596 11.275-12.65 21.725-25.3 30.799-39.875C232.355 112.712 244.006 80 252.8 80c23.375 0 44 8.8 44 35.2 0 35.2-26.4 53.075-26.4 70.4h158.4c18.425 0 35.2 16.5 35.2 35.2 0 18.975-16.225 35.2-35.2 35.2zM88 384c0 13.255-10.745 24-24 24s-24-10.745-24-24 10.745-24 24-24 24 10.745 24 24z\"><\/path><\/svg>\t\t\t<\/span>\n\t\t\t\t\t\t\t\t\t<span class=\"elementor-button-text\">Zerbitzuak<\/span>\n\t\t\t\t\t<\/span>\n\t\t\t\t\t<\/a>\n\t\t\t\t\t\t\t\t<\/div>\n\t\t\t\t\t<\/div>\n\t\t\t\t<\/div>\n\t\t\t\t<\/div>","protected":false},"excerpt":{"rendered":"<p>Fontaner\u00eda &#8211; Calefacci\u00f3n &#8211; Gas IBRA Servicio r\u00e1pido, seguro y con la calidad que tu hogar o negocio necesita. Sobre nosotros: Somos una empresa especializada en fontaner\u00eda, calefacci\u00f3n y gas, dedicada a ofrecer soluciones completas, seguras y eficientes. Contamos con a\u00f1os de experiencia en el sector y un equipo cualificado que trabaja con compromiso, seriedad [&hellip;]<\/p>\n","protected":false},"author":1,"featured_media":0,"parent":0,"menu_order":0,"comment_status":"closed","ping_status":"closed","template":"elementor_canvas","meta":{"footnotes":""},"class_list":["post-2","page","type-page","status-publish","hentry"],"yoast_head":"<!-- This site is optimized with the Yoast SEO plugin v27.3 - https:\/\/yoast.com\/product\/yoast-seo-wordpress\/ -->\n<title>Inicio - Soluciones Integrales de Fontaner\u00eda, Calefacci\u00f3n y Gas<\/title>\n<meta name=\"robots\" content=\"index, follow, max-snippet:-1, max-image-preview:large, max-video-preview:-1\" \/>\n<link rel=\"canonical\" href=\"https:\/\/fontaneriaibra.es\/eu\/\" \/>\n<meta property=\"og:locale\" content=\"en_US\" \/>\n<meta property=\"og:type\" content=\"article\" \/>\n<meta property=\"og:title\" content=\"Inicio - Soluciones Integrales de Fontaner\u00eda, Calefacci\u00f3n y Gas\" \/>\n<meta property=\"og:description\" content=\"Fontaner\u00eda &#8211; Calefacci\u00f3n &#8211; Gas IBRA Servicio r\u00e1pido, seguro y con la calidad que tu hogar o negocio necesita. Sobre nosotros: Somos una empresa especializada en fontaner\u00eda, calefacci\u00f3n y gas, dedicada a ofrecer soluciones completas, seguras y eficientes. Contamos con a\u00f1os de experiencia en el sector y un equipo cualificado que trabaja con compromiso, seriedad [&hellip;]\" \/>\n<meta property=\"og:url\" content=\"https:\/\/fontaneriaibra.es\/eu\/\" \/>\n<meta property=\"og:site_name\" content=\"Soluciones Integrales de Fontaner\u00eda, Calefacci\u00f3n y Gas\" \/>\n<meta property=\"article:modified_time\" content=\"2026-02-11T12:01:50+00:00\" \/>\n<meta property=\"og:image\" content=\"https:\/\/fontaneriaibra.es\/wp-content\/uploads\/2026\/02\/58265-1024x681.jpg\" \/>\n<meta name=\"twitter:card\" content=\"summary_large_image\" \/>\n<meta name=\"twitter:label1\" content=\"Est. reading time\" \/>\n\t<meta name=\"twitter:data1\" content=\"1 minutua\" \/>\n<script type=\"application\/ld+json\" class=\"yoast-schema-graph\">{\"@context\":\"https:\\\/\\\/schema.org\",\"@graph\":[{\"@type\":\"WebPage\",\"@id\":\"https:\\\/\\\/fontaneriaibra.es\\\/\",\"url\":\"https:\\\/\\\/fontaneriaibra.es\\\/\",\"name\":\"Inicio - Soluciones Integrales de Fontaner\u00eda, Calefacci\u00f3n y Gas\",\"isPartOf\":{\"@id\":\"https:\\\/\\\/fontaneriaibra.es\\\/#website\"},\"primaryImageOfPage\":{\"@id\":\"https:\\\/\\\/fontaneriaibra.es\\\/#primaryimage\"},\"image\":{\"@id\":\"https:\\\/\\\/fontaneriaibra.es\\\/#primaryimage\"},\"thumbnailUrl\":\"https:\\\/\\\/fontaneriaibra.es\\\/wp-content\\\/uploads\\\/2026\\\/02\\\/58265-1024x681.jpg\",\"datePublished\":\"2026-01-13T15:08:13+00:00\",\"dateModified\":\"2026-02-11T12:01:50+00:00\",\"breadcrumb\":{\"@id\":\"https:\\\/\\\/fontaneriaibra.es\\\/#breadcrumb\"},\"inLanguage\":\"eu\",\"potentialAction\":[{\"@type\":\"ReadAction\",\"target\":[\"https:\\\/\\\/fontaneriaibra.es\\\/\"]}]},{\"@type\":\"ImageObject\",\"inLanguage\":\"eu\",\"@id\":\"https:\\\/\\\/fontaneriaibra.es\\\/#primaryimage\",\"url\":\"https:\\\/\\\/fontaneriaibra.es\\\/wp-content\\\/uploads\\\/2026\\\/02\\\/58265-1024x681.jpg\",\"contentUrl\":\"https:\\\/\\\/fontaneriaibra.es\\\/wp-content\\\/uploads\\\/2026\\\/02\\\/58265-1024x681.jpg\"},{\"@type\":\"BreadcrumbList\",\"@id\":\"https:\\\/\\\/fontaneriaibra.es\\\/#breadcrumb\",\"itemListElement\":[{\"@type\":\"ListItem\",\"position\":1,\"name\":\"Portada\",\"item\":\"https:\\\/\\\/fontaneriaibra.es\\\/\"},{\"@type\":\"ListItem\",\"position\":2,\"name\":\"Inicio\"}]},{\"@type\":\"WebSite\",\"@id\":\"https:\\\/\\\/fontaneriaibra.es\\\/#website\",\"url\":\"https:\\\/\\\/fontaneriaibra.es\\\/\",\"name\":\"Soluciones Integrales de Fontaner\u00eda, Calefacci\u00f3n y Gas\",\"description\":\"\",\"publisher\":{\"@id\":\"https:\\\/\\\/fontaneriaibra.es\\\/#organization\"},\"potentialAction\":[{\"@type\":\"SearchAction\",\"target\":{\"@type\":\"EntryPoint\",\"urlTemplate\":\"https:\\\/\\\/fontaneriaibra.es\\\/?s={search_term_string}\"},\"query-input\":{\"@type\":\"PropertyValueSpecification\",\"valueRequired\":true,\"valueName\":\"search_term_string\"}}],\"inLanguage\":\"eu\"},{\"@type\":\"Organization\",\"@id\":\"https:\\\/\\\/fontaneriaibra.es\\\/#organization\",\"name\":\"Soluciones Integrales de Fontaner\u00eda, Calefacci\u00f3n y Gas\",\"url\":\"https:\\\/\\\/fontaneriaibra.es\\\/\",\"logo\":{\"@type\":\"ImageObject\",\"inLanguage\":\"eu\",\"@id\":\"https:\\\/\\\/fontaneriaibra.es\\\/#\\\/schema\\\/logo\\\/image\\\/\",\"url\":\"https:\\\/\\\/fontaneriaibra.es\\\/wp-content\\\/uploads\\\/2026\\\/02\\\/cropped-ibrahymkoumali202512_logo_web.png\",\"contentUrl\":\"https:\\\/\\\/fontaneriaibra.es\\\/wp-content\\\/uploads\\\/2026\\\/02\\\/cropped-ibrahymkoumali202512_logo_web.png\",\"width\":1080,\"height\":898,\"caption\":\"Soluciones Integrales de Fontaner\u00eda, Calefacci\u00f3n y Gas\"},\"image\":{\"@id\":\"https:\\\/\\\/fontaneriaibra.es\\\/#\\\/schema\\\/logo\\\/image\\\/\"}}]}<\/script>\n<!-- \/ Yoast SEO plugin. -->","yoast_head_json":{"title":"Inicio - Soluciones Integrales de Fontaner\u00eda, Calefacci\u00f3n y Gas","robots":{"index":"index","follow":"follow","max-snippet":"max-snippet:-1","max-image-preview":"max-image-preview:large","max-video-preview":"max-video-preview:-1"},"canonical":"https:\/\/fontaneriaibra.es\/eu\/","og_locale":"en_US","og_type":"article","og_title":"Inicio - Soluciones Integrales de Fontaner\u00eda, Calefacci\u00f3n y Gas","og_description":"Fontaner\u00eda &#8211; Calefacci\u00f3n &#8211; Gas IBRA Servicio r\u00e1pido, seguro y con la calidad que tu hogar o negocio necesita. Sobre nosotros: Somos una empresa especializada en fontaner\u00eda, calefacci\u00f3n y gas, dedicada a ofrecer soluciones completas, seguras y eficientes. Contamos con a\u00f1os de experiencia en el sector y un equipo cualificado que trabaja con compromiso, seriedad [&hellip;]","og_url":"https:\/\/fontaneriaibra.es\/eu\/","og_site_name":"Soluciones Integrales de Fontaner\u00eda, Calefacci\u00f3n y Gas","article_modified_time":"2026-02-11T12:01:50+00:00","og_image":[{"url":"https:\/\/fontaneriaibra.es\/wp-content\/uploads\/2026\/02\/58265-1024x681.jpg","type":"","width":"","height":""}],"twitter_card":"summary_large_image","twitter_misc":{"Est. reading time":"1 minutua"},"schema":{"@context":"https:\/\/schema.org","@graph":[{"@type":"WebPage","@id":"https:\/\/fontaneriaibra.es\/","url":"https:\/\/fontaneriaibra.es\/","name":"Inicio - Soluciones Integrales de Fontaner\u00eda, Calefacci\u00f3n y Gas","isPartOf":{"@id":"https:\/\/fontaneriaibra.es\/#website"},"primaryImageOfPage":{"@id":"https:\/\/fontaneriaibra.es\/#primaryimage"},"image":{"@id":"https:\/\/fontaneriaibra.es\/#primaryimage"},"thumbnailUrl":"https:\/\/fontaneriaibra.es\/wp-content\/uploads\/2026\/02\/58265-1024x681.jpg","datePublished":"2026-01-13T15:08:13+00:00","dateModified":"2026-02-11T12:01:50+00:00","breadcrumb":{"@id":"https:\/\/fontaneriaibra.es\/#breadcrumb"},"inLanguage":"eu","potentialAction":[{"@type":"ReadAction","target":["https:\/\/fontaneriaibra.es\/"]}]},{"@type":"ImageObject","inLanguage":"eu","@id":"https:\/\/fontaneriaibra.es\/#primaryimage","url":"https:\/\/fontaneriaibra.es\/wp-content\/uploads\/2026\/02\/58265-1024x681.jpg","contentUrl":"https:\/\/fontaneriaibra.es\/wp-content\/uploads\/2026\/02\/58265-1024x681.jpg"},{"@type":"BreadcrumbList","@id":"https:\/\/fontaneriaibra.es\/#breadcrumb","itemListElement":[{"@type":"ListItem","position":1,"name":"Portada","item":"https:\/\/fontaneriaibra.es\/"},{"@type":"ListItem","position":2,"name":"Inicio"}]},{"@type":"WebSite","@id":"https:\/\/fontaneriaibra.es\/#website","url":"https:\/\/fontaneriaibra.es\/","name":"Soluciones Integrales de Fontaner\u00eda, Calefacci\u00f3n y Gas","description":"","publisher":{"@id":"https:\/\/fontaneriaibra.es\/#organization"},"potentialAction":[{"@type":"SearchAction","target":{"@type":"EntryPoint","urlTemplate":"https:\/\/fontaneriaibra.es\/?s={search_term_string}"},"query-input":{"@type":"PropertyValueSpecification","valueRequired":true,"valueName":"search_term_string"}}],"inLanguage":"eu"},{"@type":"Organization","@id":"https:\/\/fontaneriaibra.es\/#organization","name":"Soluciones Integrales de Fontaner\u00eda, Calefacci\u00f3n y Gas","url":"https:\/\/fontaneriaibra.es\/","logo":{"@type":"ImageObject","inLanguage":"eu","@id":"https:\/\/fontaneriaibra.es\/#\/schema\/logo\/image\/","url":"https:\/\/fontaneriaibra.es\/wp-content\/uploads\/2026\/02\/cropped-ibrahymkoumali202512_logo_web.png","contentUrl":"https:\/\/fontaneriaibra.es\/wp-content\/uploads\/2026\/02\/cropped-ibrahymkoumali202512_logo_web.png","width":1080,"height":898,"caption":"Soluciones Integrales de Fontaner\u00eda, Calefacci\u00f3n y Gas"},"image":{"@id":"https:\/\/fontaneriaibra.es\/#\/schema\/logo\/image\/"}}]}},"_links":{"self":[{"href":"https:\/\/fontaneriaibra.es\/eu\/wp-json\/wp\/v2\/pages\/2","targetHints":{"allow":["GET"]}}],"collection":[{"href":"https:\/\/fontaneriaibra.es\/eu\/wp-json\/wp\/v2\/pages"}],"about":[{"href":"https:\/\/fontaneriaibra.es\/eu\/wp-json\/wp\/v2\/types\/page"}],"author":[{"embeddable":true,"href":"https:\/\/fontaneriaibra.es\/eu\/wp-json\/wp\/v2\/users\/1"}],"replies":[{"embeddable":true,"href":"https:\/\/fontaneriaibra.es\/eu\/wp-json\/wp\/v2\/comments?post=2"}],"version-history":[{"count":34,"href":"https:\/\/fontaneriaibra.es\/eu\/wp-json\/wp\/v2\/pages\/2\/revisions"}],"predecessor-version":[{"id":226,"href":"https:\/\/fontaneriaibra.es\/eu\/wp-json\/wp\/v2\/pages\/2\/revisions\/226"}],"wp:attachment":[{"href":"https:\/\/fontaneriaibra.es\/eu\/wp-json\/wp\/v2\/media?parent=2"}],"curies":[{"name":"wp","href":"https:\/\/api.w.org\/{rel}","templated":true}]}}