{"id":12,"date":"2026-01-13T15:17:29","date_gmt":"2026-01-13T15:17:29","guid":{"rendered":"https:\/\/fontaneriaibra.rkinformatika.online\/?page_id=12"},"modified":"2026-02-11T10:46:52","modified_gmt":"2026-02-11T10:46:52","slug":"servicios","status":"publish","type":"page","link":"https:\/\/fontaneriaibra.es\/eu\/servicios\/","title":{"rendered":"Zerbitzuak"},"content":{"rendered":"<div data-elementor-type=\"wp-page\" data-elementor-id=\"12\" class=\"elementor elementor-12\" data-elementor-post-type=\"page\">\n\t\t\t\t<div class=\"elementor-element elementor-element-b9a0194 e-flex e-con-boxed e-con e-parent\" data-id=\"b9a0194\" data-element_type=\"container\" data-e-type=\"container\" data-settings=\"{&quot;background_background&quot;:&quot;classic&quot;}\">\n\t\t\t\t\t<div class=\"e-con-inner\">\n\t\t\t\t<div class=\"elementor-element elementor-element-ea3a4ca elementor-widget elementor-widget-heading\" data-id=\"ea3a4ca\" data-element_type=\"widget\" data-e-type=\"widget\" data-widget_type=\"heading.default\">\n\t\t\t\t\t<h2 class=\"elementor-heading-title elementor-size-default\">La seguridad, la calidad y la confianza son siempre nuestra prioridad.<\/h2>\t\t\t\t<\/div>\n\t\t\t\t\t<\/div>\n\t\t\t\t<\/div>\n\t\t<div class=\"elementor-element elementor-element-95032fc e-flex e-con-boxed e-con e-parent\" data-id=\"95032fc\" data-element_type=\"container\" data-e-type=\"container\" data-settings=\"{&quot;background_background&quot;:&quot;classic&quot;}\">\n\t\t\t\t\t<div class=\"e-con-inner\">\n\t\t\t\t<div class=\"elementor-element elementor-element-06c6f41 elementor-widget elementor-widget-heading\" data-id=\"06c6f41\" data-element_type=\"widget\" data-e-type=\"widget\" data-widget_type=\"heading.default\">\n\t\t\t\t\t<h2 class=\"elementor-heading-title elementor-size-default\">Zerbitzuak<\/h2>\t\t\t\t<\/div>\n\t\t\t\t<div class=\"elementor-element elementor-element-975d2fb elementor-widget elementor-widget-text-editor\" data-id=\"975d2fb\" data-element_type=\"widget\" data-e-type=\"widget\" data-widget_type=\"text-editor.default\">\n\t\t\t\t\t\t\t\t\t<p>Conoce nuestros servicios y descubre c\u00f3mo podemos ayudarte.<\/p>\t\t\t\t\t\t\t\t<\/div>\n\t\t\t\t\t<\/div>\n\t\t\t\t<\/div>\n\t\t<div class=\"elementor-element elementor-element-3e49038 e-flex e-con-boxed e-con e-parent\" data-id=\"3e49038\" data-element_type=\"container\" data-e-type=\"container\" data-settings=\"{&quot;background_background&quot;:&quot;classic&quot;}\">\n\t\t\t\t\t<div class=\"e-con-inner\">\n\t\t<div class=\"elementor-element elementor-element-6b511f6 e-con-full e-flex e-con e-child\" data-id=\"6b511f6\" data-element_type=\"container\" data-e-type=\"container\" data-settings=\"{&quot;background_background&quot;:&quot;classic&quot;}\">\n\t\t\t\t<div class=\"elementor-element elementor-element-7040b87 elementor-cta--skin-classic elementor-animated-content elementor-bg-transform elementor-bg-transform-zoom-in elementor-widget elementor-widget-call-to-action\" data-id=\"7040b87\" data-element_type=\"widget\" data-e-type=\"widget\" data-widget_type=\"call-to-action.default\">\n\t\t\t\t\t\t\t<div class=\"elementor-cta\">\n\t\t\t\t\t<div class=\"elementor-cta__bg-wrapper\">\n\t\t\t\t<div class=\"elementor-cta__bg elementor-bg\" style=\"background-image: url(https:\/\/fontaneriaibra.es\/wp-content\/uploads\/2026\/02\/IMG_8935-IBRAHYM-KOUMALI-768x1024.jpeg);\" role=\"img\" aria-label=\"IMG_8935 - IBRAHYM KOUMALI\"><\/div>\n\t\t\t\t<div class=\"elementor-cta__bg-overlay\"><\/div>\n\t\t\t<\/div>\n\t\t\t\t\t\t\t<div class=\"elementor-cta__content\">\n\t\t\t\t\n\t\t\t\t\t\t\t\t\t<h2 class=\"elementor-cta__title elementor-cta__content-item elementor-content-item\">\n\t\t\t\t\t\tFontaner\u00eda General\t\t\t\t\t<\/h2>\n\t\t\t\t\n\t\t\t\t\t\t\t\t\t<div class=\"elementor-cta__description elementor-cta__content-item elementor-content-item\">\n\t\t\t\t\t\tInstalaci\u00f3n, reparaci\u00f3n y mantenimiento de redes de agua, grifer\u00eda, sanitarios y tuber\u00edas.\t\t\t\t\t<\/div>\n\t\t\t\t\n\t\t\t\t\t\t\t<\/div>\n\t\t\t\t\t\t<\/div>\n\t\t\t\t\t\t<\/div>\n\t\t\t\t<\/div>\n\t\t<div class=\"elementor-element elementor-element-37562e5 e-con-full e-flex e-con e-child\" data-id=\"37562e5\" data-element_type=\"container\" data-e-type=\"container\" data-settings=\"{&quot;background_background&quot;:&quot;classic&quot;}\">\n\t\t\t\t<div class=\"elementor-element elementor-element-6eaebac elementor-cta--skin-classic elementor-animated-content elementor-bg-transform elementor-bg-transform-zoom-in elementor-widget elementor-widget-call-to-action\" data-id=\"6eaebac\" data-element_type=\"widget\" data-e-type=\"widget\" data-widget_type=\"call-to-action.default\">\n\t\t\t\t\t\t\t<div class=\"elementor-cta\">\n\t\t\t\t\t<div class=\"elementor-cta__bg-wrapper\">\n\t\t\t\t<div class=\"elementor-cta__bg elementor-bg\" style=\"background-image: url(https:\/\/fontaneriaibra.es\/wp-content\/uploads\/2026\/02\/IMG_9233-IBRAHYM-KOUMALI-1024x768.jpg);\" role=\"img\" aria-label=\"IMG_9233 - IBRAHYM KOUMALI\"><\/div>\n\t\t\t\t<div class=\"elementor-cta__bg-overlay\"><\/div>\n\t\t\t<\/div>\n\t\t\t\t\t\t\t<div class=\"elementor-cta__content\">\n\t\t\t\t\n\t\t\t\t\t\t\t\t\t<h2 class=\"elementor-cta__title elementor-cta__content-item elementor-content-item\">\n\t\t\t\t\t\tCalefacci\u00f3n:\t\t\t\t\t<\/h2>\n\t\t\t\t\n\t\t\t\t\t\t\t\t\t<div class=\"elementor-cta__description elementor-cta__content-item elementor-content-item\">\n\t\t\t\t\t\tInstalaci\u00f3n y mantenimiento de sistemas de calefacci\u00f3n, incluyendo calderas de gas, radiadores y aerotermia.\t\t\t\t\t<\/div>\n\t\t\t\t\n\t\t\t\t\t\t\t<\/div>\n\t\t\t\t\t\t<\/div>\n\t\t\t\t\t\t<\/div>\n\t\t\t\t<\/div>\n\t\t<div class=\"elementor-element elementor-element-e8a35ed e-con-full e-flex e-con e-child\" data-id=\"e8a35ed\" data-element_type=\"container\" data-e-type=\"container\" data-settings=\"{&quot;background_background&quot;:&quot;classic&quot;}\">\n\t\t\t\t<div class=\"elementor-element elementor-element-c1d324d elementor-cta--skin-classic elementor-animated-content elementor-bg-transform elementor-bg-transform-zoom-in elementor-widget elementor-widget-call-to-action\" data-id=\"c1d324d\" data-element_type=\"widget\" data-e-type=\"widget\" data-widget_type=\"call-to-action.default\">\n\t\t\t\t\t\t\t<div class=\"elementor-cta\">\n\t\t\t\t\t<div class=\"elementor-cta__bg-wrapper\">\n\t\t\t\t<div class=\"elementor-cta__bg elementor-bg\" style=\"background-image: url(https:\/\/fontaneriaibra.es\/wp-content\/uploads\/2026\/02\/IMG_8664-IBRAHYM-KOUMALI-768x1024.jpeg);\" role=\"img\" aria-label=\"IMG_8664 - IBRAHYM KOUMALI\"><\/div>\n\t\t\t\t<div class=\"elementor-cta__bg-overlay\"><\/div>\n\t\t\t<\/div>\n\t\t\t\t\t\t\t<div class=\"elementor-cta__content\">\n\t\t\t\t\n\t\t\t\t\t\t\t\t\t<h2 class=\"elementor-cta__title elementor-cta__content-item elementor-content-item\">\n\t\t\t\t\t\tInstalaciones de Gas:\t\t\t\t\t<\/h2>\n\t\t\t\t\n\t\t\t\t\t\t\t\t\t<div class=\"elementor-cta__description elementor-cta__content-item elementor-content-item\">\n\t\t\t\t\t\tDise\u00f1o, montaje, revisi\u00f3n y certificaci\u00f3n de instalaciones de gas natural.\t\t\t\t\t<\/div>\n\t\t\t\t\n\t\t\t\t\t\t\t<\/div>\n\t\t\t\t\t\t<\/div>\n\t\t\t\t\t\t<\/div>\n\t\t\t\t<\/div>\n\t\t<div class=\"elementor-element elementor-element-42b2262 e-con-full e-flex e-con e-child\" data-id=\"42b2262\" data-element_type=\"container\" data-e-type=\"container\" data-settings=\"{&quot;background_background&quot;:&quot;classic&quot;}\">\n\t\t\t\t<div class=\"elementor-element elementor-element-5470f15 elementor-cta--skin-classic elementor-animated-content elementor-bg-transform elementor-bg-transform-zoom-in elementor-widget elementor-widget-call-to-action\" data-id=\"5470f15\" data-element_type=\"widget\" data-e-type=\"widget\" data-widget_type=\"call-to-action.default\">\n\t\t\t\t\t\t\t<div class=\"elementor-cta\">\n\t\t\t\t\t<div class=\"elementor-cta__bg-wrapper\">\n\t\t\t\t<div class=\"elementor-cta__bg elementor-bg\" style=\"background-image: url(https:\/\/fontaneriaibra.es\/wp-content\/uploads\/2026\/02\/IMG_9323-IBRAHYM-KOUMALI-1024x768.jpeg);\" role=\"img\" aria-label=\"IMG_9323 - IBRAHYM KOUMALI\"><\/div>\n\t\t\t\t<div class=\"elementor-cta__bg-overlay\"><\/div>\n\t\t\t<\/div>\n\t\t\t\t\t\t\t<div class=\"elementor-cta__content\">\n\t\t\t\t\n\t\t\t\t\t\t\t\t\t<h2 class=\"elementor-cta__title elementor-cta__content-item elementor-content-item\">\n\t\t\t\t\t\tReformas de Ba\u00f1os y Cocinas:\t\t\t\t\t<\/h2>\n\t\t\t\t\n\t\t\t\t\t\t\t\t\t<div class=\"elementor-cta__description elementor-cta__content-item elementor-content-item\">\n\t\t\t\t\t\tRenovaci\u00f3n completa de instalaciones de fontaner\u00eda y adaptaci\u00f3n a nuevas necesidades.\t\t\t\t\t<\/div>\n\t\t\t\t\n\t\t\t\t\t\t\t<\/div>\n\t\t\t\t\t\t<\/div>\n\t\t\t\t\t\t<\/div>\n\t\t\t\t<\/div>\n\t\t<div class=\"elementor-element elementor-element-92caf0f e-con-full e-flex e-con e-child\" data-id=\"92caf0f\" data-element_type=\"container\" data-e-type=\"container\" data-settings=\"{&quot;background_background&quot;:&quot;classic&quot;}\">\n\t\t\t\t<div class=\"elementor-element elementor-element-4e93a81 elementor-cta--skin-classic elementor-animated-content elementor-bg-transform elementor-bg-transform-zoom-in elementor-widget elementor-widget-call-to-action\" data-id=\"4e93a81\" data-element_type=\"widget\" data-e-type=\"widget\" data-widget_type=\"call-to-action.default\">\n\t\t\t\t\t\t\t<div class=\"elementor-cta\">\n\t\t\t\t\t<div class=\"elementor-cta__bg-wrapper\">\n\t\t\t\t<div class=\"elementor-cta__bg elementor-bg\" style=\"background-image: url(https:\/\/fontaneriaibra.es\/wp-content\/uploads\/2026\/02\/IMG_8917-IBRAHYM-KOUMALI-662x1024.jpeg);\" role=\"img\" aria-label=\"IMG_8917 - IBRAHYM KOUMALI\"><\/div>\n\t\t\t\t<div class=\"elementor-cta__bg-overlay\"><\/div>\n\t\t\t<\/div>\n\t\t\t\t\t\t\t<div class=\"elementor-cta__content\">\n\t\t\t\t\n\t\t\t\t\t\t\t\t\t<h2 class=\"elementor-cta__title elementor-cta__content-item elementor-content-item\">\n\t\t\t\t\t\tReparaci\u00f3n de Aver\u00edas y Fugas:\t\t\t\t\t<\/h2>\n\t\t\t\t\n\t\t\t\t\t\t\t\t\t<div class=\"elementor-cta__description elementor-cta__content-item elementor-content-item\">\n\t\t\t\t\t\tDetecci\u00f3n y soluci\u00f3n r\u00e1pida de fugas de agua o gas y problemas de presi\u00f3n.\t\t\t\t\t<\/div>\n\t\t\t\t\n\t\t\t\t\t\t\t<\/div>\n\t\t\t\t\t\t<\/div>\n\t\t\t\t\t\t<\/div>\n\t\t\t\t<\/div>\n\t\t<div class=\"elementor-element elementor-element-da99f8b e-con-full e-flex e-con e-child\" data-id=\"da99f8b\" data-element_type=\"container\" data-e-type=\"container\" data-settings=\"{&quot;background_background&quot;:&quot;classic&quot;}\">\n\t\t\t\t<div class=\"elementor-element elementor-element-6175bc4 elementor-cta--skin-classic elementor-animated-content elementor-bg-transform elementor-bg-transform-zoom-in elementor-widget elementor-widget-call-to-action\" data-id=\"6175bc4\" data-element_type=\"widget\" data-e-type=\"widget\" data-widget_type=\"call-to-action.default\">\n\t\t\t\t\t\t\t<div class=\"elementor-cta\">\n\t\t\t\t\t<div class=\"elementor-cta__bg-wrapper\">\n\t\t\t\t<div class=\"elementor-cta__bg elementor-bg\" style=\"background-image: url(https:\/\/fontaneriaibra.es\/wp-content\/uploads\/2026\/02\/821804-1024x683.jpg);\" role=\"img\" aria-label=\"821804\"><\/div>\n\t\t\t\t<div class=\"elementor-cta__bg-overlay\"><\/div>\n\t\t\t<\/div>\n\t\t\t\t\t\t\t<div class=\"elementor-cta__content\">\n\t\t\t\t\n\t\t\t\t\t\t\t\t\t<h2 class=\"elementor-cta__title elementor-cta__content-item elementor-content-item\">\n\t\t\t\t\t\tMantenimiento Preventivo:\t\t\t\t\t<\/h2>\n\t\t\t\t\n\t\t\t\t\t\t\t\t\t<div class=\"elementor-cta__description elementor-cta__content-item elementor-content-item\">\n\t\t\t\t\t\tRevisiones peri\u00f3dicas para garantizar seguridad, eficiencia y durabilidad de las instalaciones.\t\t\t\t\t<\/div>\n\t\t\t\t\n\t\t\t\t\t\t\t<\/div>\n\t\t\t\t\t\t<\/div>\n\t\t\t\t\t\t<\/div>\n\t\t\t\t<\/div>\n\t\t\t\t\t<\/div>\n\t\t\t\t<\/div>\n\t\t<div class=\"elementor-element elementor-element-1c4250e e-flex e-con-boxed e-con e-parent\" data-id=\"1c4250e\" data-element_type=\"container\" data-e-type=\"container\" data-settings=\"{&quot;background_background&quot;:&quot;classic&quot;}\">\n\t\t\t\t\t<div class=\"e-con-inner\">\n\t\t\t\t<div class=\"elementor-element elementor-element-a49b9e0 elementor-widget elementor-widget-heading\" data-id=\"a49b9e0\" data-element_type=\"widget\" data-e-type=\"widget\" data-widget_type=\"heading.default\">\n\t\t\t\t\t<h2 class=\"elementor-heading-title elementor-size-default\">Estamos aqu\u00ed para ayudarte con tus necesidades de fontaner\u00eda, calefacci\u00f3n y gas.<\/h2>\t\t\t\t<\/div>\n\t\t\t\t<div class=\"elementor-element elementor-element-05bdfbd elementor-align-center elementor-widget elementor-widget-button\" data-id=\"05bdfbd\" data-element_type=\"widget\" data-e-type=\"widget\" data-widget_type=\"button.default\">\n\t\t\t\t\t\t\t\t\t\t<a class=\"elementor-button elementor-button-link elementor-size-sm elementor-animation-grow\" href=\"\/eu\/contacto\/\">\n\t\t\t\t\t\t<span class=\"elementor-button-content-wrapper\">\n\t\t\t\t\t\t<span class=\"elementor-button-icon\">\n\t\t\t\t<svg aria-hidden=\"true\" class=\"e-font-icon-svg e-far-comment\" viewbox=\"0 0 512 512\" xmlns=\"http:\/\/www.w3.org\/2000\/svg\"><path d=\"M256 32C114.6 32 0 125.1 0 240c0 47.6 19.9 91.2 52.9 126.3C38 405.7 7 439.1 6.5 439.5c-6.6 7-8.4 17.2-4.6 26S14.4 480 24 480c61.5 0 110-25.7 139.1-46.3C192 442.8 223.2 448 256 448c141.4 0 256-93.1 256-208S397.4 32 256 32zm0 368c-26.7 0-53.1-4.1-78.4-12.1l-22.7-7.2-19.5 13.8c-14.3 10.1-33.9 21.4-57.5 29 7.3-12.1 14.4-25.7 19.9-40.2l10.6-28.1-20.6-21.8C69.7 314.1 48 282.2 48 240c0-88.2 93.3-160 208-160s208 71.8 208 160-93.3 160-208 160z\"><\/path><\/svg>\t\t\t<\/span>\n\t\t\t\t\t\t\t\t\t<span class=\"elementor-button-text\">Kontaktua<\/span>\n\t\t\t\t\t<\/span>\n\t\t\t\t\t<\/a>\n\t\t\t\t\t\t\t\t<\/div>\n\t\t\t\t\t<\/div>\n\t\t\t\t<\/div>\n\t\t\t\t<\/div>","protected":false},"excerpt":{"rendered":"<p>La seguridad, la calidad y la confianza son siempre nuestra prioridad. Servicios Conoce nuestros servicios y descubre c\u00f3mo podemos ayudarte. Fontaner\u00eda General Instalaci\u00f3n, reparaci\u00f3n y mantenimiento de redes de agua, grifer\u00eda, sanitarios y tuber\u00edas. Calefacci\u00f3n: Instalaci\u00f3n y mantenimiento de sistemas de calefacci\u00f3n, incluyendo calderas de gas, radiadores y aerotermia. Instalaciones de Gas: Dise\u00f1o, montaje, revisi\u00f3n [&hellip;]<\/p>\n","protected":false},"author":1,"featured_media":0,"parent":0,"menu_order":0,"comment_status":"closed","ping_status":"closed","template":"elementor_canvas","meta":{"footnotes":""},"class_list":["post-12","page","type-page","status-publish","hentry"],"yoast_head":"<!-- This site is optimized with the Yoast SEO plugin v27.3 - https:\/\/yoast.com\/product\/yoast-seo-wordpress\/ -->\n<title>Servicios - Soluciones Integrales de Fontaner\u00eda, Calefacci\u00f3n y Gas<\/title>\n<meta name=\"robots\" content=\"index, follow, max-snippet:-1, max-image-preview:large, max-video-preview:-1\" \/>\n<link rel=\"canonical\" href=\"https:\/\/fontaneriaibra.es\/eu\/servicios\/\" \/>\n<meta property=\"og:locale\" content=\"en_US\" \/>\n<meta property=\"og:type\" content=\"article\" \/>\n<meta property=\"og:title\" content=\"Servicios - Soluciones Integrales de Fontaner\u00eda, Calefacci\u00f3n y Gas\" \/>\n<meta property=\"og:description\" content=\"La seguridad, la calidad y la confianza son siempre nuestra prioridad. Servicios Conoce nuestros servicios y descubre c\u00f3mo podemos ayudarte. Fontaner\u00eda General Instalaci\u00f3n, reparaci\u00f3n y mantenimiento de redes de agua, grifer\u00eda, sanitarios y tuber\u00edas. Calefacci\u00f3n: Instalaci\u00f3n y mantenimiento de sistemas de calefacci\u00f3n, incluyendo calderas de gas, radiadores y aerotermia. Instalaciones de Gas: Dise\u00f1o, montaje, revisi\u00f3n [&hellip;]\" \/>\n<meta property=\"og:url\" content=\"https:\/\/fontaneriaibra.es\/eu\/servicios\/\" \/>\n<meta property=\"og:site_name\" content=\"Soluciones Integrales de Fontaner\u00eda, Calefacci\u00f3n y Gas\" \/>\n<meta property=\"article:modified_time\" content=\"2026-02-11T10:46:52+00:00\" \/>\n<meta name=\"twitter:card\" content=\"summary_large_image\" \/>\n<script type=\"application\/ld+json\" class=\"yoast-schema-graph\">{\"@context\":\"https:\\\/\\\/schema.org\",\"@graph\":[{\"@type\":\"WebPage\",\"@id\":\"https:\\\/\\\/fontaneriaibra.es\\\/servicios\\\/\",\"url\":\"https:\\\/\\\/fontaneriaibra.es\\\/servicios\\\/\",\"name\":\"Servicios - Soluciones Integrales de Fontaner\u00eda, Calefacci\u00f3n y Gas\",\"isPartOf\":{\"@id\":\"https:\\\/\\\/fontaneriaibra.es\\\/#website\"},\"datePublished\":\"2026-01-13T15:17:29+00:00\",\"dateModified\":\"2026-02-11T10:46:52+00:00\",\"breadcrumb\":{\"@id\":\"https:\\\/\\\/fontaneriaibra.es\\\/servicios\\\/#breadcrumb\"},\"inLanguage\":\"eu\",\"potentialAction\":[{\"@type\":\"ReadAction\",\"target\":[\"https:\\\/\\\/fontaneriaibra.es\\\/servicios\\\/\"]}]},{\"@type\":\"BreadcrumbList\",\"@id\":\"https:\\\/\\\/fontaneriaibra.es\\\/servicios\\\/#breadcrumb\",\"itemListElement\":[{\"@type\":\"ListItem\",\"position\":1,\"name\":\"Portada\",\"item\":\"https:\\\/\\\/fontaneriaibra.es\\\/\"},{\"@type\":\"ListItem\",\"position\":2,\"name\":\"Servicios\"}]},{\"@type\":\"WebSite\",\"@id\":\"https:\\\/\\\/fontaneriaibra.es\\\/#website\",\"url\":\"https:\\\/\\\/fontaneriaibra.es\\\/\",\"name\":\"Soluciones Integrales de Fontaner\u00eda, Calefacci\u00f3n y Gas\",\"description\":\"\",\"publisher\":{\"@id\":\"https:\\\/\\\/fontaneriaibra.es\\\/#organization\"},\"potentialAction\":[{\"@type\":\"SearchAction\",\"target\":{\"@type\":\"EntryPoint\",\"urlTemplate\":\"https:\\\/\\\/fontaneriaibra.es\\\/?s={search_term_string}\"},\"query-input\":{\"@type\":\"PropertyValueSpecification\",\"valueRequired\":true,\"valueName\":\"search_term_string\"}}],\"inLanguage\":\"eu\"},{\"@type\":\"Organization\",\"@id\":\"https:\\\/\\\/fontaneriaibra.es\\\/#organization\",\"name\":\"Soluciones Integrales de Fontaner\u00eda, Calefacci\u00f3n y Gas\",\"url\":\"https:\\\/\\\/fontaneriaibra.es\\\/\",\"logo\":{\"@type\":\"ImageObject\",\"inLanguage\":\"eu\",\"@id\":\"https:\\\/\\\/fontaneriaibra.es\\\/#\\\/schema\\\/logo\\\/image\\\/\",\"url\":\"https:\\\/\\\/fontaneriaibra.es\\\/wp-content\\\/uploads\\\/2026\\\/02\\\/cropped-ibrahymkoumali202512_logo_web.png\",\"contentUrl\":\"https:\\\/\\\/fontaneriaibra.es\\\/wp-content\\\/uploads\\\/2026\\\/02\\\/cropped-ibrahymkoumali202512_logo_web.png\",\"width\":1080,\"height\":898,\"caption\":\"Soluciones Integrales de Fontaner\u00eda, Calefacci\u00f3n y Gas\"},\"image\":{\"@id\":\"https:\\\/\\\/fontaneriaibra.es\\\/#\\\/schema\\\/logo\\\/image\\\/\"}}]}<\/script>\n<!-- \/ Yoast SEO plugin. -->","yoast_head_json":{"title":"Servicios - Soluciones Integrales de Fontaner\u00eda, Calefacci\u00f3n y Gas","robots":{"index":"index","follow":"follow","max-snippet":"max-snippet:-1","max-image-preview":"max-image-preview:large","max-video-preview":"max-video-preview:-1"},"canonical":"https:\/\/fontaneriaibra.es\/eu\/servicios\/","og_locale":"en_US","og_type":"article","og_title":"Servicios - Soluciones Integrales de Fontaner\u00eda, Calefacci\u00f3n y Gas","og_description":"La seguridad, la calidad y la confianza son siempre nuestra prioridad. Servicios Conoce nuestros servicios y descubre c\u00f3mo podemos ayudarte. Fontaner\u00eda General Instalaci\u00f3n, reparaci\u00f3n y mantenimiento de redes de agua, grifer\u00eda, sanitarios y tuber\u00edas. Calefacci\u00f3n: Instalaci\u00f3n y mantenimiento de sistemas de calefacci\u00f3n, incluyendo calderas de gas, radiadores y aerotermia. Instalaciones de Gas: Dise\u00f1o, montaje, revisi\u00f3n [&hellip;]","og_url":"https:\/\/fontaneriaibra.es\/eu\/servicios\/","og_site_name":"Soluciones Integrales de Fontaner\u00eda, Calefacci\u00f3n y Gas","article_modified_time":"2026-02-11T10:46:52+00:00","twitter_card":"summary_large_image","schema":{"@context":"https:\/\/schema.org","@graph":[{"@type":"WebPage","@id":"https:\/\/fontaneriaibra.es\/servicios\/","url":"https:\/\/fontaneriaibra.es\/servicios\/","name":"Servicios - Soluciones Integrales de Fontaner\u00eda, Calefacci\u00f3n y Gas","isPartOf":{"@id":"https:\/\/fontaneriaibra.es\/#website"},"datePublished":"2026-01-13T15:17:29+00:00","dateModified":"2026-02-11T10:46:52+00:00","breadcrumb":{"@id":"https:\/\/fontaneriaibra.es\/servicios\/#breadcrumb"},"inLanguage":"eu","potentialAction":[{"@type":"ReadAction","target":["https:\/\/fontaneriaibra.es\/servicios\/"]}]},{"@type":"BreadcrumbList","@id":"https:\/\/fontaneriaibra.es\/servicios\/#breadcrumb","itemListElement":[{"@type":"ListItem","position":1,"name":"Portada","item":"https:\/\/fontaneriaibra.es\/"},{"@type":"ListItem","position":2,"name":"Servicios"}]},{"@type":"WebSite","@id":"https:\/\/fontaneriaibra.es\/#website","url":"https:\/\/fontaneriaibra.es\/","name":"Soluciones Integrales de Fontaner\u00eda, Calefacci\u00f3n y Gas","description":"","publisher":{"@id":"https:\/\/fontaneriaibra.es\/#organization"},"potentialAction":[{"@type":"SearchAction","target":{"@type":"EntryPoint","urlTemplate":"https:\/\/fontaneriaibra.es\/?s={search_term_string}"},"query-input":{"@type":"PropertyValueSpecification","valueRequired":true,"valueName":"search_term_string"}}],"inLanguage":"eu"},{"@type":"Organization","@id":"https:\/\/fontaneriaibra.es\/#organization","name":"Soluciones Integrales de Fontaner\u00eda, Calefacci\u00f3n y Gas","url":"https:\/\/fontaneriaibra.es\/","logo":{"@type":"ImageObject","inLanguage":"eu","@id":"https:\/\/fontaneriaibra.es\/#\/schema\/logo\/image\/","url":"https:\/\/fontaneriaibra.es\/wp-content\/uploads\/2026\/02\/cropped-ibrahymkoumali202512_logo_web.png","contentUrl":"https:\/\/fontaneriaibra.es\/wp-content\/uploads\/2026\/02\/cropped-ibrahymkoumali202512_logo_web.png","width":1080,"height":898,"caption":"Soluciones Integrales de Fontaner\u00eda, Calefacci\u00f3n y Gas"},"image":{"@id":"https:\/\/fontaneriaibra.es\/#\/schema\/logo\/image\/"}}]}},"_links":{"self":[{"href":"https:\/\/fontaneriaibra.es\/eu\/wp-json\/wp\/v2\/pages\/12","targetHints":{"allow":["GET"]}}],"collection":[{"href":"https:\/\/fontaneriaibra.es\/eu\/wp-json\/wp\/v2\/pages"}],"about":[{"href":"https:\/\/fontaneriaibra.es\/eu\/wp-json\/wp\/v2\/types\/page"}],"author":[{"embeddable":true,"href":"https:\/\/fontaneriaibra.es\/eu\/wp-json\/wp\/v2\/users\/1"}],"replies":[{"embeddable":true,"href":"https:\/\/fontaneriaibra.es\/eu\/wp-json\/wp\/v2\/comments?post=12"}],"version-history":[{"count":31,"href":"https:\/\/fontaneriaibra.es\/eu\/wp-json\/wp\/v2\/pages\/12\/revisions"}],"predecessor-version":[{"id":169,"href":"https:\/\/fontaneriaibra.es\/eu\/wp-json\/wp\/v2\/pages\/12\/revisions\/169"}],"wp:attachment":[{"href":"https:\/\/fontaneriaibra.es\/eu\/wp-json\/wp\/v2\/media?parent=12"}],"curies":[{"name":"wp","href":"https:\/\/api.w.org\/{rel}","templated":true}]}}